{"id":62,"date":"2017-02-09T21:43:41","date_gmt":"2017-02-09T20:43:41","guid":{"rendered":"http:\/\/mini-maker.de\/?page_id=62"},"modified":"2024-01-30T10:34:04","modified_gmt":"2024-01-30T09:34:04","slug":"agb","status":"publish","type":"page","link":"https:\/\/mini-maker.de\/en\/agb\/","title":{"rendered":"AGB"},"content":{"rendered":"<p><strong>1. Vertragsschluss<\/strong><\/p>\n<p>Die Anmeldung f\u00fcr eine Teilnahme an Fachtagen und Weiterbildungsangeboten (im Folgenden: Veranstaltungen) der Klax International GmbH (im Folgenden: Klax) erfolgt unter Verwendung des Web-Anmeldeformulars. Unser Anmeldeformular ist vollst\u00e4ndig auszuf\u00fcllen und sodann abzusenden.<\/p>\n<p>Aufgrund der begrenzten Teilnehmerzahl f\u00fcr unsere Veranstaltungen ber\u00fccksichtigen wir Anmeldungen in der Reihenfolge ihres Eingangs bei Klax. Die Anmeldung ist ein verbindliches Vertragsangebot.<\/p>\n<p>Vertragschlie\u00dfende\/-r ist der Teilnehmer\/die Teilnehmerin. Erfolgt die Anmeldung des Teilnehmers\/der Teilnehmerin durch einen Dritten, so ist der anmeldende Dritte Vertragschlie\u00dfender.<\/p>\n<p>Der Vertragschlie\u00dfende erh\u00e4lt von uns eine Anmeldebest\u00e4tigung samt Rechnung oder eine Nachricht \u00fcber die Aufnahme in die Warteliste.<\/p>\n<p><strong>2. Entgelt<\/strong><\/p>\n<p>Die H\u00f6he der Entgelte f\u00fcr die Produkte von Klax kann dem Internet entnommen werden oder per E-Mail bzw. telefonisch erfragt werden. Der\/Die Vertragschlie\u00dfende nach Ziffer 1 hat das vertraglich vereinbarte Entgelt f\u00fcr die Veranstaltung gem\u00e4\u00df Rechnungslegung durch Klax innerhalb von 14 Tagen unter Angabe des Namens, der vollst\u00e4ndigen Rechnungsnummer sowie der gebuchten Weiterbildung zu begleichen.<\/p>\n<p>Der Teilnehmer\/die Teilnehmerin als Vertragschlie\u00dfende\/-r haftet f\u00fcr die Zahlung des Entgelts auch dann, wenn das Entgelt durch einen Dritten (z. B. Unternehmen, Arbeitgeber) geleistet werden soll. Die Rechnung wird elektronisch ausgestellt. Bei Nichtzahlung des Entgeltes kann der Teilnehmer\/die Teilnehmerin von der (weiteren) Teilnahme an der Veranstaltung ausgeschlossen werden. Der Vertragschlie\u00dfende kann auf Anfrage die M\u00f6glichkeit einer Ratenzahlung nutzen.<\/p>\n<p><strong>3. Lehrgangsort<\/strong><\/p>\n<p>Der Veranstaltungsort ergibt sich aus der Anmeldebest\u00e4tigung.<\/p>\n<p><strong>4. R\u00fccktrittsrecht und K\u00fcndigung <\/strong><\/p>\n<p>Steht dem\/der Vertragschlie\u00dfenden ein Widerrufsrecht gem\u00e4\u00df Ziffer 8 dieser Allgemeinen Gesch\u00e4ftsbedingungen zu, greifen die nachfolgenden Regelungen \u00fcber R\u00fccktritt und K\u00fcndigung des\/der Vertragschlie\u00dfenden erst nach dem Ablauf der Widerrufsfrist.<br \/>\nEin R\u00fccktritt (Abmeldung) von der Anmeldung ist bis 14 Tage vor Veranstaltungsbeginn gegen Einbehalt der Anmeldegeb\u00fchr m\u00f6glich. Bei R\u00fccktritt (Abmeldung) ab dem 13. Tag oder bei Nichterscheinen wird der Gesamtbetrag berechnet. Der\/Die Vertragschlie\u00dfende hat die M\u00f6glichkeit, Klax nachzuweisen, dass kein oder ein geringerer Schaden als der im Rahmen der oben genannten Entgelte geltend gemachte Schaden entstanden ist.<\/p>\n<p>Das Recht zur fristlosen K\u00fcndigung aus wichtigem Grund gem\u00e4\u00df \u00a7 626 BGB bleibt unber\u00fchrt. Klax kann den Vertrag fristlos aus wichtigem Grund gem\u00e4\u00df \u00a7 626 BGB k\u00fcndigen. Wichtige Gr\u00fcnde sind insbesondere die St\u00f6rung der Abl\u00e4ufe der Weiterbildungsveranstaltungen und die Nichtbeachtung der Hausordnung trotz einer Aufforderung, die St\u00f6rung oder den Versto\u00df zu unterlassen. Bereits f\u00e4llige Teilbetr\u00e4ge werden nicht zur\u00fcckerstattet.<\/p>\n<p>Die K\u00fcndigung und der R\u00fccktritt haben in Textform zu erfolgen. Ma\u00dfgebender Zeitpunkt f\u00fcr die K\u00fcndigung und den R\u00fccktritt des\/der Vertragschlie\u00dfenden ist der Zeitpunkt des Eingangs der Erkl\u00e4rung bei Klax.<\/p>\n<p><strong>5. \u00c4nderung und Absage von Veranstaltungen<\/strong><\/p>\n<p>Klax hat das Recht, eine Veranstaltung aus von ihr nicht zu vertretenden Gr\u00fcnden abzusagen oder zu verschieben, insbesondere mangels kostendeckender Teilnehmerzahl, wegen kurzfristiger Nichtverf\u00fcgbarkeit des Referenten ohne M\u00f6glichkeit des Einsatzes eines Ersatzreferenten oder aufgrund h\u00f6herer Gewalt. Der\/Die Vertragschlie\u00dfende wird hier\u00fcber unter den in seiner\/ihrer Anmeldung genannten Kontaktdaten benachrichtigt. Im Falle der Absage wird ein bereits bezahltes Teilnahmeentgelt zur\u00fcckerstattet. Gleiches gilt f\u00fcr den Fall, dass der\/die Vertragschlie\u00dfende an dem neuen Termin nicht teilnehmen kann. Anderweitige Anspr\u00fcche seitens des\/der Vertragschlie\u00dfenden sind ausgeschlossen.<\/p>\n<p>Klax beh\u00e4lt sich vor, Dozenten zu wechseln oder den Veranstaltungsablauf zu \u00e4ndern. Der\/Die Vertragschlie\u00dfende kann daraus keine Anspr\u00fcche, z. B. auf R\u00fccktritt vom Vertrag oder Minderung des Entgelts, ableiten.<\/p>\n<p><strong>6. Haftung<\/strong><\/p>\n<p>Klax haftet f\u00fcr Sch\u00e4den im Zusammenhang mit der Durchf\u00fchrung von Veranstaltungen nur im Fall von Vorsatz oder grober Fahrl\u00e4ssigkeit. Die Haftungsbeschr\u00e4nkung gilt nicht f\u00fcr Sch\u00e4den aus der Verletzung des Lebens, des K\u00f6rpers oder der Gesundheit, die auf einer fahrl\u00e4ssigen oder vors\u00e4tzlichen Pflichtverletzung von Klax oder einer vors\u00e4tzlichen oder fahrl\u00e4ssigen Pflichtverletzung eines gesetzlichen Vertreters oder Erf\u00fcllungsgehilfen von Klax beruhen. Die Haftungsbeschr\u00e4nkung gilt ferner nicht f\u00fcr Sch\u00e4den, die auf der Verletzung einer sog. Kardinalpflicht (d.h. einer vertraglichen Pflicht, welche die ordnungsgem\u00e4\u00dfe Durchf\u00fchrung des Vertrags \u00fcberhaupt erst erm\u00f6glicht und auf deren Erf\u00fcllung der\/die Vertragschlie\u00dfende regelm\u00e4\u00dfig vertraut und vertrauen darf) beruhen.<\/p>\n<p><strong>7. Arbeitsunterlagen und Datenschutz<\/strong><\/p>\n<p>Die Vervielf\u00e4ltigung (z.B. Kopieren) und die Weitergabe von Veranstaltungsmaterialien sind ohne Genehmigung nicht gestattet.<\/p>\n<p>Personenbezogene Daten werden ausschlie\u00dflich zu dem Zweck der Veranstaltungsabwicklung durch Klax be- und verarbeitet. Eine Weitergabe an Dritte erfolgt nicht.<\/p>\n<p><strong>8. Widerrufsbelehrung f\u00fcr Verbraucher<\/strong><\/p>\n<p>Das nachfolgende Widerrufsrecht gilt nur f\u00fcr Verbraucher (im Sinne von \u00a7 13 BGB) und besteht nicht bei Vertr\u00e4gen, die von Unternehmern (im Sinne von \u00a7 14 BGB) im Rahmen ihrer gewerblichen oder selbst\u00e4ndigen beruflichen T\u00e4tigkeit mit Klax geschlossen werden.<\/p>\n<p><strong>9. Hinweis<\/strong><\/p>\n<p>Diese AGB gelten nicht Veranstaltungen und Produkte von Klax, die separat vertraglich geregelt werden.<\/p>\n<p><strong>Widerrufsrecht<\/strong><\/p>\n<p>Sie haben das Recht, binnen vierzehn Tagen ohne Angabe von Gr\u00fcnden diesen Vertrag zu widerrufen. Die Widerrufsfrist betr\u00e4gt vierzehn Tage ab dem Tag des Vertragsabschlusses (Erhalt der Anmeldebest\u00e4tigung). Um Ihr Widerrufsrecht auszu\u00fcben, m\u00fcssen Sie uns,<\/p>\n<p><strong>Klax International GmbH<br \/>\nArkonastr. 45-49<br \/>\n13189 Berlin<\/strong><\/p>\n<p><strong>E-Mail: institut@klax-online.de<br \/>\nTelefon: +49(0)30-47796-145<br \/>\nFax: +49(0)30-47796-204<\/strong><\/p>\n<p>mittels einer eindeutigen Erkl\u00e4rung (z. B. ein mit der Post versandter Brief, Telefax oder E-Mail) \u00fcber Ihren Entschluss, diesen Vertrag zu widerrufen, informieren. Sie k\u00f6nnen daf\u00fcr das <a href=\"https:\/\/mini-maker.de\/wp-content\/uploads\/ultimatemember\/temp\/Muster_Widerrufsformular.pdf\">Muster-Widerrufsformular<\/a> verwenden, das jedoch nicht vorgeschrieben ist.<\/p>\n<p>Zur Wahrung der Widerrufsfrist reicht es aus, dass Sie die Mitteilung \u00fcber die Aus\u00fcbung des Widerrufsrechts vor Ablauf der Widerrufsfrist absenden.<\/p>\n<p><strong>Folgen des Widerrufs <\/strong><br \/>\nWenn Sie diesen Vertrag widerrufen, haben wir Ihnen alle Zahlungen, die wir von Ihnen erhalten haben, unverz\u00fcglich und sp\u00e4testens binnen vierzehn Tagen ab dem Tag zur\u00fcckzuzahlen, an dem die Mitteilung \u00fcber Ihren Widerruf dieses Vertrags bei uns eingegangen ist. F\u00fcr diese R\u00fcckzahlung verwenden wir dasselbe Zahlungsmittel, das Sie bei der urspr\u00fcnglichen Transaktion eingesetzt haben, es sei denn, mit Ihnen wurde ausdr\u00fccklich etwas anderes vereinbart; in keinem Fall werden Ihnen wegen dieser R\u00fcckzahlung Entgelte berechnet.<\/p>\n<p>Haben Sie verlangt, dass die Dienstleistungen\/Veranstaltungen w\u00e4hrend der Widerrufsfrist beginnen sollen oder beginnen die von Ihnen gebuchten Dienstleistungen\/Veranstaltungen w\u00e4hrend der Widerrufsfrist, so haben Sie uns einen angemessenen Betrag zu zahlen, der dem Anteil der bis zu dem Zeitpunkt, zu dem Sie uns von der Aus\u00fcbung des Widerrufsrechts hinsichtlich dieses Vertrags unterrichten, bereits erbrachten Dienstleistungen\/Veranstaltungen im Vergleich zum Gesamtumfang der im Vertrag vorgesehenen Dienstleistungen\/Veranstaltungen entspricht.<\/p>\n","protected":false},"excerpt":{"rendered":"<p>1. Vertragsschluss Die Anmeldung f\u00fcr eine Teilnahme an Fachtagen und Weiterbildungsangeboten (im Folgenden: Veranstaltungen) der Klax International GmbH (im Folgenden:\u2026 <a class=\"pr_readmore\" href=\"https:\/\/mini-maker.de\/en\/agb\/\">\u00bb \u00bb \u00bb<\/a><\/p>\n","protected":false},"author":5,"featured_media":0,"parent":0,"menu_order":0,"comment_status":"closed","ping_status":"closed","template":"","meta":{"_acf_changed":false,"footnotes":""},"class_list":["post-62","page","type-page","status-publish","hentry"],"translation":{"provider":"WPGlobus","version":"3.0.2","language":"en","enabled_languages":["de","en"],"languages":{"de":{"title":true,"content":true,"excerpt":false},"en":{"title":false,"content":false,"excerpt":false}}},"acf":[],"_links":{"self":[{"href":"https:\/\/mini-maker.de\/en\/wp-json\/wp\/v2\/pages\/62","targetHints":{"allow":["GET"]}}],"collection":[{"href":"https:\/\/mini-maker.de\/en\/wp-json\/wp\/v2\/pages"}],"about":[{"href":"https:\/\/mini-maker.de\/en\/wp-json\/wp\/v2\/types\/page"}],"author":[{"embeddable":true,"href":"https:\/\/mini-maker.de\/en\/wp-json\/wp\/v2\/users\/5"}],"replies":[{"embeddable":true,"href":"https:\/\/mini-maker.de\/en\/wp-json\/wp\/v2\/comments?post=62"}],"version-history":[{"count":8,"href":"https:\/\/mini-maker.de\/en\/wp-json\/wp\/v2\/pages\/62\/revisions"}],"predecessor-version":[{"id":1852,"href":"https:\/\/mini-maker.de\/en\/wp-json\/wp\/v2\/pages\/62\/revisions\/1852"}],"wp:attachment":[{"href":"https:\/\/mini-maker.de\/en\/wp-json\/wp\/v2\/media?parent=62"}],"curies":[{"name":"wp","href":"https:\/\/api.w.org\/{rel}","templated":true}]}}